{"id":40,"date":"2020-03-12T22:02:39","date_gmt":"2020-03-12T22:02:39","guid":{"rendered":"https:\/\/geocapa.com.mx\/tienda\/?post_type=product&#038;p=40"},"modified":"2022-04-19T20:37:40","modified_gmt":"2022-04-19T20:37:40","slug":"camara-mapir-survey-3-para-dron","status":"publish","type":"product","link":"https:\/\/geocapa.com\/tienda\/producto\/camara-mapir-survey-3-para-dron\/","title":{"rendered":"Camara MAPIR Survey 3 para dron"},"content":{"rendered":"<p style=\"text-align: center;\">Sensor: <strong>NDVI <\/strong>Blue+<strong>NIR<\/strong><\/p>\n<p>Esta c\u00e1mara ve tanto en los canales \u00a0azul \u00a0y en infrarrojos (IR) y sin interferencias entre las bandas.<\/p>\n<p>Se utiliza con mayor frecuencia como una \u00a0soluci\u00f3n <em>NDVI<\/em>\u00a0\u00a0para evaluar la localizaci\u00f3n del cultivo. Luego del procesado resultante\u00a0\u00a0de las im\u00e1genes , se puede ver la ubicaci\u00f3n de los diferentes niveles de salud de la vegetaci\u00f3n.<\/p>\n<p><img loading=\"lazy\" decoding=\"async\" class=\"wp-image-43 aligncenter\" src=\"https:\/\/geocapa.com.mx\/tienda\/wp-content\/uploads\/2020\/03\/NDVI-image-Drone-Remote-Sensing-Geoawesomeness-300x218.png\" alt=\"camara ndvi mexico comprar\" width=\"233\" height=\"169\" srcset=\"https:\/\/geocapa.com\/tienda\/wp-content\/uploads\/2020\/03\/NDVI-image-Drone-Remote-Sensing-Geoawesomeness-300x218.png 300w, https:\/\/geocapa.com\/tienda\/wp-content\/uploads\/2020\/03\/NDVI-image-Drone-Remote-Sensing-Geoawesomeness-600x436.png 600w, https:\/\/geocapa.com\/tienda\/wp-content\/uploads\/2020\/03\/NDVI-image-Drone-Remote-Sensing-Geoawesomeness-768x558.png 768w, https:\/\/geocapa.com\/tienda\/wp-content\/uploads\/2020\/03\/NDVI-image-Drone-Remote-Sensing-Geoawesomeness.png 975w\" sizes=\"auto, (max-width: 233px) 100vw, 233px\" \/><\/p>\n","protected":false},"excerpt":{"rendered":"<p>Camara sensor para drone MAPIR SURVEY 3<\/p>\n","protected":false},"featured_media":44,"comment_status":"open","ping_status":"closed","template":"","meta":[],"product_brand":[],"product_cat":[19],"product_tag":[],"class_list":{"0":"post-40","1":"product","2":"type-product","3":"status-publish","4":"has-post-thumbnail","6":"product_cat-camaras-o-sensores","8":"first","9":"instock","10":"shipping-taxable","11":"purchasable","12":"product-type-simple"},"jetpack_sharing_enabled":true,"_links":{"self":[{"href":"https:\/\/geocapa.com\/tienda\/wp-json\/wp\/v2\/product\/40","targetHints":{"allow":["GET"]}}],"collection":[{"href":"https:\/\/geocapa.com\/tienda\/wp-json\/wp\/v2\/product"}],"about":[{"href":"https:\/\/geocapa.com\/tienda\/wp-json\/wp\/v2\/types\/product"}],"replies":[{"embeddable":true,"href":"https:\/\/geocapa.com\/tienda\/wp-json\/wp\/v2\/comments?post=40"}],"wp:featuredmedia":[{"embeddable":true,"href":"https:\/\/geocapa.com\/tienda\/wp-json\/wp\/v2\/media\/44"}],"wp:attachment":[{"href":"https:\/\/geocapa.com\/tienda\/wp-json\/wp\/v2\/media?parent=40"}],"wp:term":[{"taxonomy":"product_brand","embeddable":true,"href":"https:\/\/geocapa.com\/tienda\/wp-json\/wp\/v2\/product_brand?post=40"},{"taxonomy":"product_cat","embeddable":true,"href":"https:\/\/geocapa.com\/tienda\/wp-json\/wp\/v2\/product_cat?post=40"},{"taxonomy":"product_tag","embeddable":true,"href":"https:\/\/geocapa.com\/tienda\/wp-json\/wp\/v2\/product_tag?post=40"}],"curies":[{"name":"wp","href":"https:\/\/api.w.org\/{rel}","templated":true}]}}