{"id":333,"date":"2022-09-08T02:39:17","date_gmt":"2022-09-08T02:39:17","guid":{"rendered":"https:\/\/geocapa.com.mx\/tienda\/?post_type=product&#038;p=333"},"modified":"2022-09-09T00:47:29","modified_gmt":"2022-09-09T00:47:29","slug":"dji-pocket-2","status":"publish","type":"product","link":"https:\/\/geocapa.com\/tienda\/producto\/dji-pocket-2\/","title":{"rendered":"DJI Pocket 2"},"content":{"rendered":"<p>DJI acaba de anunciar la\u00a0<strong>DJI Pocket 2<\/strong>, su nueva c\u00e1mara estabilizada de mano. Se trata de una evoluci\u00f3n de la conocida\u00a0<a href=\"https:\/\/www.xataka.com\/analisis\/dji-osmo-pocket-analisis-caracteristicas-precio-especificaciones-video\" aria-describedby=\"a11y-external-message\">Osmo Pocket<\/a>\u00a0que llega con grabaci\u00f3n en 4K, promete m\u00e1s de dos horas de bater\u00eda y tiene un enfoque redise\u00f1ado para aumentar la velocidad y la precisi\u00f3n.<\/p>\n<p>&nbsp;<\/p>\n<p>La DJI Pocket 2 mantiene el dise\u00f1o propio de la Osmo Pocket, aunque tiene unos\u00a0<strong>acabados m\u00e1s elegantes y refinados<\/strong>. As\u00ed, contamos con una empu\u00f1adora con los cl\u00e1sicos botones de control, una pantalla para ver la imagen capturada por el sensor y la c\u00e1mara en el cabezal superior. Es un dispositivo modular, por lo que la c\u00e1mara se puede usar de forma independiente, conectada al tel\u00e9fono m\u00f3vil u operarse a distancia.\u00a0<strong>Su peso es de solo 117 gramos<\/strong>.<\/p>\n<p>Al ser\u00a0<strong>modular<\/strong>, podemos retirar la parte inferior de la empu\u00f1adura y conectar accesorios, como un base para el minitr\u00edpode, un m\u00f3dulo WiFi o una empu\u00f1adora multiusos mucho m\u00e1s grande. De hecho, la DJI Pocket 2 llega\u00a0<strong>cargada de accesorios<\/strong>. Citando textualmente a la empresa, hay \u00abun estuche de carga, un juego de micr\u00f3fono inal\u00e1mbrico, una carcasa impermeable, una rueda de control m\u00e1s peque\u00f1a, un brazo extensible, un objetivo de gran angular, un m\u00f3dulo inal\u00e1mbrico y<\/p>\n","protected":false},"excerpt":{"rendered":"<p>Camara portable DJI Pocket 2 ultra ligera<\/p>\n","protected":false},"featured_media":346,"comment_status":"open","ping_status":"closed","template":"","meta":[],"product_brand":[],"product_cat":[19],"product_tag":[44,45,32],"class_list":{"0":"post-333","1":"product","2":"type-product","3":"status-publish","4":"has-post-thumbnail","6":"product_cat-camaras-o-sensores","7":"product_tag-camara","8":"product_tag-camara-deportiva","9":"product_tag-dji","11":"first","12":"instock","13":"shipping-taxable","14":"purchasable","15":"product-type-simple"},"jetpack_sharing_enabled":true,"_links":{"self":[{"href":"https:\/\/geocapa.com\/tienda\/wp-json\/wp\/v2\/product\/333","targetHints":{"allow":["GET"]}}],"collection":[{"href":"https:\/\/geocapa.com\/tienda\/wp-json\/wp\/v2\/product"}],"about":[{"href":"https:\/\/geocapa.com\/tienda\/wp-json\/wp\/v2\/types\/product"}],"replies":[{"embeddable":true,"href":"https:\/\/geocapa.com\/tienda\/wp-json\/wp\/v2\/comments?post=333"}],"wp:featuredmedia":[{"embeddable":true,"href":"https:\/\/geocapa.com\/tienda\/wp-json\/wp\/v2\/media\/346"}],"wp:attachment":[{"href":"https:\/\/geocapa.com\/tienda\/wp-json\/wp\/v2\/media?parent=333"}],"wp:term":[{"taxonomy":"product_brand","embeddable":true,"href":"https:\/\/geocapa.com\/tienda\/wp-json\/wp\/v2\/product_brand?post=333"},{"taxonomy":"product_cat","embeddable":true,"href":"https:\/\/geocapa.com\/tienda\/wp-json\/wp\/v2\/product_cat?post=333"},{"taxonomy":"product_tag","embeddable":true,"href":"https:\/\/geocapa.com\/tienda\/wp-json\/wp\/v2\/product_tag?post=333"}],"curies":[{"name":"wp","href":"https:\/\/api.w.org\/{rel}","templated":true}]}}