{"id":332,"date":"2022-09-08T02:39:51","date_gmt":"2022-09-08T02:39:51","guid":{"rendered":"https:\/\/geocapa.com.mx\/tienda\/?post_type=product&#038;p=332"},"modified":"2022-09-08T02:39:51","modified_gmt":"2022-09-08T02:39:51","slug":"dji-rsc-2-used","status":"publish","type":"product","link":"https:\/\/geocapa.com\/tienda\/producto\/dji-rsc-2-used\/","title":{"rendered":"DJI RSC 2 (used)"},"content":{"rendered":"<p>Los gimbal se han convertido en\u00a0<strong>una herramienta fundamental dentro del mundo del v\u00eddeo<\/strong>. A pesar de los sistemas de estabilizaci\u00f3n que incorporan las c\u00e1maras siempre mejorar\u00e1 cualquier plano el uso de un dispositivo de estas caracter\u00edsticas.<\/p>\n<p>&nbsp;<\/p>\n<p>Estos nuevos modelos de la familia Ronin de\u00a0<a href=\"https:\/\/www.dji.com\/es\" aria-describedby=\"a11y-external-message\">DJI<\/a>\u00a0<strong>tienen 3 ejes para todo tipo de c\u00e1maras<\/strong>, desde m\u00f3viles a c\u00e1maras r\u00e9flex, con un eje de giro ilimitado. Disponen de bloqueos en cada uno de los brazos para equilibrarlo y transportarlo. Cuentan con botones para agilizar su manejo, as\u00ed como un\u00a0<em>joystick<\/em>\u00a0de f\u00e1cil acceso. Y encima tienen un c\u00f3modo agarre antideslizante.<\/p>\n<p>&nbsp;<\/p>\n<p>Estos estabilizadores son\u00a0compatibles con todo tipo de c\u00e1maras fotogr\u00e1ficas, desde una ligera sin espejo de formato APS-c hasta una robusta\u00a0<a href=\"https:\/\/www.xatakafoto.com\/actualidad\/canon-eos-1d-x-mark-iii-toma-contacto-muestras-camara-reflex-mejores-opciones-camaras-espejo\" aria-describedby=\"a11y-external-message\">Canon EOS 1 DX MarkII<\/a>. Si el peso sube de los 3 Kg tendremos que adquirir el modelo superior<\/p>\n<p>En esta nueva gama\u00a0han reducido el peso gracias al uso de la fibra de carbono (modelo RS 2)\u00a0sin perder robustez. Y adem\u00e1s han aumentado la capacidad motriz un 20% respecto a modelos anteriores.<\/p>\n<p>Gracias a sus avanzados algoritmos de funcionamiento pueden conseguir cualquier tipo de plano que se nos ocurra. Desde giros de 360\u00ba a panor\u00e1micas pasando por el efecto t\u00fanel a la hora de hacer los conocidos\u00a0<a href=\"https:\/\/www.xatakafoto.com\/videos-time-lapses-stop-motion\/estos-podrian-ser-mejores-videos-timelapse-hyperlapse-2019\" aria-describedby=\"a11y-external-message\">hyperlapse<\/a>.<\/p>\n","protected":false},"excerpt":{"rendered":"<p>Estabilizador DJI RSC2 Combo usado como nuevo.<\/p>\n","protected":false},"featured_media":348,"comment_status":"open","ping_status":"closed","template":"","meta":[],"product_brand":[],"product_cat":[21],"product_tag":[32,47,46],"class_list":{"0":"post-332","1":"product","2":"type-product","3":"status-publish","4":"has-post-thumbnail","6":"product_cat-accesorios","7":"product_tag-dji","8":"product_tag-estabilizador","9":"product_tag-gimbal","11":"first","12":"instock","13":"sale","14":"shipping-taxable","15":"purchasable","16":"product-type-simple"},"jetpack_sharing_enabled":true,"_links":{"self":[{"href":"https:\/\/geocapa.com\/tienda\/wp-json\/wp\/v2\/product\/332","targetHints":{"allow":["GET"]}}],"collection":[{"href":"https:\/\/geocapa.com\/tienda\/wp-json\/wp\/v2\/product"}],"about":[{"href":"https:\/\/geocapa.com\/tienda\/wp-json\/wp\/v2\/types\/product"}],"replies":[{"embeddable":true,"href":"https:\/\/geocapa.com\/tienda\/wp-json\/wp\/v2\/comments?post=332"}],"wp:featuredmedia":[{"embeddable":true,"href":"https:\/\/geocapa.com\/tienda\/wp-json\/wp\/v2\/media\/348"}],"wp:attachment":[{"href":"https:\/\/geocapa.com\/tienda\/wp-json\/wp\/v2\/media?parent=332"}],"wp:term":[{"taxonomy":"product_brand","embeddable":true,"href":"https:\/\/geocapa.com\/tienda\/wp-json\/wp\/v2\/product_brand?post=332"},{"taxonomy":"product_cat","embeddable":true,"href":"https:\/\/geocapa.com\/tienda\/wp-json\/wp\/v2\/product_cat?post=332"},{"taxonomy":"product_tag","embeddable":true,"href":"https:\/\/geocapa.com\/tienda\/wp-json\/wp\/v2\/product_tag?post=332"}],"curies":[{"name":"wp","href":"https:\/\/api.w.org\/{rel}","templated":true}]}}