{"id":329,"date":"2022-09-08T02:34:10","date_gmt":"2022-09-08T02:34:10","guid":{"rendered":"https:\/\/geocapa.com.mx\/tienda\/?post_type=product&#038;p=329"},"modified":"2022-09-08T02:34:10","modified_gmt":"2022-09-08T02:34:10","slug":"parrot-anafi-work-zoom-sin-perdidas-4k-2x","status":"publish","type":"product","link":"https:\/\/geocapa.com\/tienda\/producto\/parrot-anafi-work-zoom-sin-perdidas-4k-2x\/","title":{"rendered":"Parrot ANAFI Work &#8211; Zoom sin p\u00e9rdidas 4K \/ 2x"},"content":{"rendered":"<div class=\"product-discrptn\">\n<div id=\"shortd\">ANAFI Work es la herramienta perfecta sobre la marcha que est\u00e1 lista para volar en poco tiempo. El dron funciona durante 1 hora y 40 minutos con sus 4 bater\u00edas inteligentes USB-C.<\/div>\n<\/div>\n<div class=\"add-to-cart-wrapper\">\n<div class=\"add-to-box\">\n<div class=\"add-to-cart addtocart\">\n<div class=\"qty-wrapper\">\n<h2>ANAFI WORK ES UNA HERRAMIENTA ULTRACOMPACTA PARA PROFESIONALES QUE LES AYUDA A TOMAR DECISIONES INFORMADAS UTILIZANDO LOS CONOCIMIENTOS A\u00c9REOS DEL DRON.<\/h2>\n<ul>\n<li>ANAFI Work incluye el dron ANAFI avanzado equipado con un sistema de im\u00e1genes innovador, una c\u00e1mara 4K \/ 21MP con una orientaci\u00f3n vertical de 180 \u00b0, lo que le permite capturar im\u00e1genes f\u00e1cilmente de \u00e1reas inaccesibles.<\/li>\n<li>ANAFI Work es la herramienta perfecta sobre la marcha que est\u00e1 lista para volar en poco tiempo.\u00a0El dron funciona durante 1 hora y 40 minutos con sus 4 bater\u00edas inteligentes USB-C.<\/li>\n<li>Esta soluci\u00f3n de dron Parrot se puede transportar f\u00e1cilmente a cualquier lugar en su bolso de hombro compacto.<\/li>\n<li>ANAFI Work permite a los profesionales crear modelos 3D de edificios, de forma r\u00e1pida y sencilla, mediante la suscripci\u00f3n de un a\u00f1o a Pix4Dmodel.<\/li>\n<\/ul>\n<h2>SISTEMA DE IMAGEN AVANZADO PARA CAPTURAR IM\u00c1GENES 4K DESDE EL CIELO<\/h2>\n<p>ANAFI Work cuenta con un dron ANAFI equipado con 4K HDR y una c\u00e1mara de alta resoluci\u00f3n de 21 MP para obtener las mejores im\u00e1genes a\u00e9reas y videos para cada prop\u00f3sito comercial.<\/p>\n<p>Con el sistema de estabilizaci\u00f3n de imagen h\u00edbrido de tres ejes, el dron graba videos ultra suaves y fotos estables.<\/p>\n<p>Gracias a la c\u00e1mara con inclinaci\u00f3n de 180 \u00b0, los profesionales pueden tomar vistas cenital (+ 90 \u00b0) y nadir (-90 \u00b0) por encima o por debajo de \u00e1reas inaccesibles.<\/p>\n<p>El zoom sin p\u00e9rdida de 1.4x en 4K, 2.8x en Full HD (1080p), permite a los usuarios ver m\u00e1s de cerca sin reducir la calidad del metraje, mientras se mantienen a una distancia segura de los obst\u00e1culos.<\/p>\n<h2>C\u00c1MARA 4K HDR, 21 MP PARA OPTIMIZAR SU FORMA DE TRABAJAR<\/h2>\n<p>La c\u00e1mara de alta resoluci\u00f3n 4K HDR, 21 MP es ideal para todo uso profesional: inspecciones r\u00e1pidas de edificios e infraestructuras, producci\u00f3n de video o monitoreo de intervenciones.<\/p>\n<p>Caso de uso: el uso de la c\u00e1mara de alta resoluci\u00f3n de ANAFI para sus proyectos de inspecci\u00f3n elimina los riesgos de trepar a estructuras como andamios, escaleras o plataformas elevadas, haciendo que todo el proceso sea m\u00e1s seguro para los profesionales.<\/p>\n<h2 class=\"field field-name-field-baseline field-type-text-long field-label-hidden panel-baseline\">C\u00c1MARA \u00daNICA INCLINADA EN 180 \u00b0 PARA CAPTURAR IM\u00c1GENES DE \u00c1REAS DE DIF\u00cdCIL ALCANCE<\/h2>\n<p>Utilice el card\u00e1n de inclinaci\u00f3n controlable de ANAFI Work con su \u00e1ngulo cenital (+ 90 \u00b0) y \u00e1ngulo nadir (-90 \u00b0), para capturar im\u00e1genes por encima o por debajo de \u00e1reas inaccesibles.<\/p>\n<p>Caso de uso: ya no es necesario bloquear el acceso a un sitio de inspecci\u00f3n ni alquilar equipos costosos, como una gr\u00faa m\u00f3vil o una plataforma de trabajo a\u00e9rea.\u00a0Su flujo de trabajo es m\u00e1s r\u00e1pido y rentable.<\/p>\n<h2>ESTABILIZACI\u00d3N DE IMAGEN H\u00cdBRIDA DE 3 EJES PARA UNA PIEZA ULTRA ESTABLE<\/h2>\n<p>El sistema de estabilizaci\u00f3n h\u00edbrido de ANAFI Work asegura videos fluidos y fotos estables, ya que reduce el efecto de persiana enrollable y las vibraciones.<\/p>\n<p>Caso de uso: puede grabar videos y fotograf\u00edas con precisi\u00f3n, sin tener que preocuparse por equilibrar ANAFI mientras vuela.<\/p>\n<h2>ZOOM SIN P\u00c9RDIDAS PARA MIRAR M\u00c1S DE CERCA DE SU OBJETIVO DESDE UNA DISTANCIA SEGURA<\/h2>\n<p>La c\u00e1mara de ANAFI Work est\u00e1 equipada con un zoom sin p\u00e9rdidas de 1.4x en 4K y 2.8x en full HD (1080p), para que pueda ver m\u00e1s de cerca un \u00e1rea espec\u00edfica.<\/p>\n<p>Caso de uso: acercar un \u00e1rea que requiere precisi\u00f3n sin p\u00e9rdida de resoluci\u00f3n, significa que puede detectar grietas o defectos en edificios o infraestructuras a una distancia segura de los obst\u00e1culos.<\/p>\n<\/div>\n<\/div>\n<\/div>\n<\/div>\n","protected":false},"excerpt":{"rendered":"<p>Drone ANAFI Work de la marca Parrot<\/p>\n","protected":false},"featured_media":337,"comment_status":"open","ping_status":"closed","template":"","meta":[],"product_brand":[],"product_cat":[17],"product_tag":[30,40],"class_list":{"0":"post-329","1":"product","2":"type-product","3":"status-publish","4":"has-post-thumbnail","6":"product_cat-drones","7":"product_tag-dron","8":"product_tag-parrot","10":"first","11":"instock","12":"shipping-taxable","13":"purchasable","14":"product-type-simple"},"jetpack_sharing_enabled":true,"_links":{"self":[{"href":"https:\/\/geocapa.com\/tienda\/wp-json\/wp\/v2\/product\/329","targetHints":{"allow":["GET"]}}],"collection":[{"href":"https:\/\/geocapa.com\/tienda\/wp-json\/wp\/v2\/product"}],"about":[{"href":"https:\/\/geocapa.com\/tienda\/wp-json\/wp\/v2\/types\/product"}],"replies":[{"embeddable":true,"href":"https:\/\/geocapa.com\/tienda\/wp-json\/wp\/v2\/comments?post=329"}],"wp:featuredmedia":[{"embeddable":true,"href":"https:\/\/geocapa.com\/tienda\/wp-json\/wp\/v2\/media\/337"}],"wp:attachment":[{"href":"https:\/\/geocapa.com\/tienda\/wp-json\/wp\/v2\/media?parent=329"}],"wp:term":[{"taxonomy":"product_brand","embeddable":true,"href":"https:\/\/geocapa.com\/tienda\/wp-json\/wp\/v2\/product_brand?post=329"},{"taxonomy":"product_cat","embeddable":true,"href":"https:\/\/geocapa.com\/tienda\/wp-json\/wp\/v2\/product_cat?post=329"},{"taxonomy":"product_tag","embeddable":true,"href":"https:\/\/geocapa.com\/tienda\/wp-json\/wp\/v2\/product_tag?post=329"}],"curies":[{"name":"wp","href":"https:\/\/api.w.org\/{rel}","templated":true}]}}