{"id":323,"date":"2022-09-08T02:14:44","date_gmt":"2022-09-08T02:14:44","guid":{"rendered":"https:\/\/geocapa.com.mx\/tienda\/?post_type=product&#038;p=323"},"modified":"2022-09-08T02:14:44","modified_gmt":"2022-09-08T02:14:44","slug":"cargador-hub-de-mavic-air-1-used","status":"publish","type":"product","link":"https:\/\/geocapa.com\/tienda\/producto\/cargador-hub-de-mavic-air-1-used\/","title":{"rendered":"Cargador Hub de Mavic Air 1 (used)"},"content":{"rendered":"<p>Cargador Multi Hub Original DJI.<\/p>\n<p>El concentrador de carga de bater\u00eda Mavic Air 1 est\u00e1 dise\u00f1ado para usarse con laS baterias de vuelo inteligente Mavic Air.<\/p>\n<p>Cuando se utiliza con el adaptador de corriente Mavic Air, puede cargar hasta cuatro bater\u00edas de vuelo inteligentes en secuencia seg\u00fan sus niveles de potencia, y de mayor a menor.<\/p>\n","protected":false},"excerpt":{"rendered":"<p>Multi hub cargador para baterias de mavic air 1.<\/p>\n","protected":false},"featured_media":326,"comment_status":"open","ping_status":"closed","template":"","meta":[],"product_brand":[],"product_cat":[22],"product_tag":[38,31],"class_list":{"0":"post-323","1":"product","2":"type-product","3":"status-publish","4":"has-post-thumbnail","6":"product_cat-refacciones","7":"product_tag-cargador","8":"product_tag-mavic-air","10":"first","11":"instock","12":"sale","13":"shipping-taxable","14":"purchasable","15":"product-type-simple"},"jetpack_sharing_enabled":true,"_links":{"self":[{"href":"https:\/\/geocapa.com\/tienda\/wp-json\/wp\/v2\/product\/323","targetHints":{"allow":["GET"]}}],"collection":[{"href":"https:\/\/geocapa.com\/tienda\/wp-json\/wp\/v2\/product"}],"about":[{"href":"https:\/\/geocapa.com\/tienda\/wp-json\/wp\/v2\/types\/product"}],"replies":[{"embeddable":true,"href":"https:\/\/geocapa.com\/tienda\/wp-json\/wp\/v2\/comments?post=323"}],"wp:featuredmedia":[{"embeddable":true,"href":"https:\/\/geocapa.com\/tienda\/wp-json\/wp\/v2\/media\/326"}],"wp:attachment":[{"href":"https:\/\/geocapa.com\/tienda\/wp-json\/wp\/v2\/media?parent=323"}],"wp:term":[{"taxonomy":"product_brand","embeddable":true,"href":"https:\/\/geocapa.com\/tienda\/wp-json\/wp\/v2\/product_brand?post=323"},{"taxonomy":"product_cat","embeddable":true,"href":"https:\/\/geocapa.com\/tienda\/wp-json\/wp\/v2\/product_cat?post=323"},{"taxonomy":"product_tag","embeddable":true,"href":"https:\/\/geocapa.com\/tienda\/wp-json\/wp\/v2\/product_tag?post=323"}],"curies":[{"name":"wp","href":"https:\/\/api.w.org\/{rel}","templated":true}]}}