{"id":275,"date":"2022-04-19T20:24:45","date_gmt":"2022-04-19T20:24:45","guid":{"rendered":"https:\/\/geocapa.com.mx\/tienda\/?post_type=product&#038;p=275"},"modified":"2022-09-08T02:49:23","modified_gmt":"2022-09-08T02:49:23","slug":"dji-agras-t10-para-agricultura","status":"publish","type":"product","link":"https:\/\/geocapa.com\/tienda\/producto\/dji-agras-t10-para-agricultura\/","title":{"rendered":"DJI Agras T10 para agricultura"},"content":{"rendered":"<ul>\n<li>Pulverizador de\u00a0<strong>10 litros<\/strong><\/li>\n<li><strong>Radar omnidireccional<\/strong>\u00a0esf\u00e9rico<\/li>\n<li>Nivel de protecci\u00f3n\u00a0<strong>IP67<\/strong><\/li>\n<li><strong>Monitoreo en tiempo real<\/strong>\u00a0dual FPV<\/li>\n<li><strong>Operaci\u00f3n autom\u00e1tica<\/strong>\u00a0con alta precisi\u00f3n<\/li>\n<li>Plataforma en la nube de\u00a0<strong>agricultura inteligente<\/strong><\/li>\n<\/ul>\n<p>ENTREGA Y CAPACITACI\u00d2N A <strong>TODO M\u00c8XICO<\/strong><\/p>\n","protected":false},"excerpt":{"rendered":"<p>Drone para Agricultura con env\u00edo y capacitaci\u00f3n a todo M\u00e9xico<\/p>\n","protected":false},"featured_media":276,"comment_status":"open","ping_status":"closed","template":"","meta":[],"product_brand":[],"product_cat":[17],"product_tag":[27,25,26],"class_list":{"0":"post-275","1":"product","2":"type-product","3":"status-publish","4":"has-post-thumbnail","6":"product_cat-drones","7":"product_tag-dji-agras","8":"product_tag-drone-dji","9":"product_tag-drone-para-agricultura","11":"first","12":"instock","13":"sale","14":"shipping-taxable","15":"purchasable","16":"product-type-simple"},"jetpack_sharing_enabled":true,"_links":{"self":[{"href":"https:\/\/geocapa.com\/tienda\/wp-json\/wp\/v2\/product\/275","targetHints":{"allow":["GET"]}}],"collection":[{"href":"https:\/\/geocapa.com\/tienda\/wp-json\/wp\/v2\/product"}],"about":[{"href":"https:\/\/geocapa.com\/tienda\/wp-json\/wp\/v2\/types\/product"}],"replies":[{"embeddable":true,"href":"https:\/\/geocapa.com\/tienda\/wp-json\/wp\/v2\/comments?post=275"}],"wp:featuredmedia":[{"embeddable":true,"href":"https:\/\/geocapa.com\/tienda\/wp-json\/wp\/v2\/media\/276"}],"wp:attachment":[{"href":"https:\/\/geocapa.com\/tienda\/wp-json\/wp\/v2\/media?parent=275"}],"wp:term":[{"taxonomy":"product_brand","embeddable":true,"href":"https:\/\/geocapa.com\/tienda\/wp-json\/wp\/v2\/product_brand?post=275"},{"taxonomy":"product_cat","embeddable":true,"href":"https:\/\/geocapa.com\/tienda\/wp-json\/wp\/v2\/product_cat?post=275"},{"taxonomy":"product_tag","embeddable":true,"href":"https:\/\/geocapa.com\/tienda\/wp-json\/wp\/v2\/product_tag?post=275"}],"curies":[{"name":"wp","href":"https:\/\/api.w.org\/{rel}","templated":true}]}}