{"id":242,"date":"2021-03-15T22:05:28","date_gmt":"2021-03-15T22:05:28","guid":{"rendered":"https:\/\/geocapa.com.mx\/tienda\/?post_type=product&#038;p=242"},"modified":"2022-09-08T01:58:04","modified_gmt":"2022-09-08T01:58:04","slug":"dji-dron-fpv-combo-nuevo-modelo","status":"publish","type":"product","link":"https:\/\/geocapa.com\/tienda\/producto\/dji-dron-fpv-combo-nuevo-modelo\/","title":{"rendered":"DJI Dron FPV combo NUEVO"},"content":{"rendered":"<p>El Sistema DJI FPV ha sido especialmente dise\u00f1ado para aficionados y profesionales de los<strong> drones de carreras<\/strong>. Consiste en la Unidad a\u00e9rea DJI FPV, la C\u00e1mara DJI FPV (<strong>gran angular de 150\u00ba<\/strong>), las DJI Goggles FPV y el Control remoto DJI FPV.Cada uno de estos elementos posee potentes funciones y tiene un papel importante en el desarrollo de nuestro Sistema FPV de baja latencia HD.Este Sistema FPV redefine las carreras de drones, ofreciendo una latencia m\u00e1s baja, una impresionante alta definici\u00f3n y, ante todo, una experiencia de vuelo FPV inolvidable.<\/p>\n<p>&nbsp;<\/p>\n<p>DJI ha redefinido la industria de carreras de drones con el nuevo sistema digital FPV. Ofrece tasas de latencia m\u00e1s bajas dentro de 28 ms, un rango m\u00e1ximo de transmisi\u00f3n de 2.5\u00a0mi, impresionante resoluci\u00f3n HD 720p\/120fps y, lo m\u00e1s importante, una experiencia de vuelo FPV inolvidable.<\/p>\n<p>El DJI FPV Fly More Combo incluye una (1) DJI Digital HD FPV Goggle, una (1) unidad de aire FPV y un (1) controlador remoto DJI FPV. Experimente la configuraci\u00f3n FPV definitiva con todo lo que necesita todo en un solo paquete. El sistema DJI FPV te permitir\u00e1 disfrutar de FPV en HD real sin todo el molesto retraso que acompa\u00f1a a muchos sistemas HD.<\/p>\n","protected":false},"excerpt":{"rendered":"<p>Dron de tipo carreras con Gafas, control, dron y accesorios para una inmersi\u00f3n completa de FPV. Env\u00edo a todo M\u00e9xico.<\/p>\n","protected":false},"featured_media":247,"comment_status":"open","ping_status":"closed","template":"","meta":[],"product_brand":[],"product_cat":[17],"product_tag":[32,30,36],"class_list":{"0":"post-242","1":"product","2":"type-product","3":"status-publish","4":"has-post-thumbnail","6":"product_cat-drones","7":"product_tag-dji","8":"product_tag-dron","9":"product_tag-dron-fpv","11":"first","12":"instock","13":"sale","14":"shipping-taxable","15":"purchasable","16":"product-type-simple"},"jetpack_sharing_enabled":true,"_links":{"self":[{"href":"https:\/\/geocapa.com\/tienda\/wp-json\/wp\/v2\/product\/242","targetHints":{"allow":["GET"]}}],"collection":[{"href":"https:\/\/geocapa.com\/tienda\/wp-json\/wp\/v2\/product"}],"about":[{"href":"https:\/\/geocapa.com\/tienda\/wp-json\/wp\/v2\/types\/product"}],"replies":[{"embeddable":true,"href":"https:\/\/geocapa.com\/tienda\/wp-json\/wp\/v2\/comments?post=242"}],"wp:featuredmedia":[{"embeddable":true,"href":"https:\/\/geocapa.com\/tienda\/wp-json\/wp\/v2\/media\/247"}],"wp:attachment":[{"href":"https:\/\/geocapa.com\/tienda\/wp-json\/wp\/v2\/media?parent=242"}],"wp:term":[{"taxonomy":"product_brand","embeddable":true,"href":"https:\/\/geocapa.com\/tienda\/wp-json\/wp\/v2\/product_brand?post=242"},{"taxonomy":"product_cat","embeddable":true,"href":"https:\/\/geocapa.com\/tienda\/wp-json\/wp\/v2\/product_cat?post=242"},{"taxonomy":"product_tag","embeddable":true,"href":"https:\/\/geocapa.com\/tienda\/wp-json\/wp\/v2\/product_tag?post=242"}],"curies":[{"name":"wp","href":"https:\/\/api.w.org\/{rel}","templated":true}]}}