{"id":23,"date":"2020-03-11T01:45:47","date_gmt":"2020-03-11T01:45:47","guid":{"rendered":"https:\/\/geocapa.com.mx\/tienda\/?post_type=product&#038;p=23"},"modified":"2022-09-08T02:21:42","modified_gmt":"2022-09-08T02:21:42","slug":"dron-dji-mavic-mini-single","status":"publish","type":"product","link":"https:\/\/geocapa.com\/tienda\/producto\/dron-dji-mavic-mini-single\/","title":{"rendered":"Dron DJI Mavic Mini single SE"},"content":{"rendered":"<p>Excelente dron port\u00e1til y ligero, en caja y con env\u00edo a todo M\u00e9xico.<\/p>\n<p><strong>Marca:<\/strong> DJI<\/p>\n<p><strong>Modelo:<\/strong> Mavic Mini<\/p>\n<p><strong>Tiempo de vuelo : <\/strong>30 Minutos<\/p>\n<p><strong>Resoluci\u00f3n: <\/strong>FULL HD<\/p>\n<p><strong>GPS: <\/strong>Si<\/p>\n<p>&nbsp;<\/p>\n<p><strong>Refurbished en Caja, Helices, Dron, Control Remoto, Bateria y Cables<\/strong><\/p>\n","protected":false},"excerpt":{"rendered":"<p>Mavic mini 1 ultra ligero y portatil con envio a todo M\u00e9xico<\/p>\n","protected":false},"featured_media":24,"comment_status":"open","ping_status":"closed","template":"","meta":[],"product_brand":[],"product_cat":[17],"product_tag":[34],"class_list":{"0":"post-23","1":"product","2":"type-product","3":"status-publish","4":"has-post-thumbnail","6":"product_cat-drones","7":"product_tag-mini-dron","9":"first","10":"instock","11":"shipping-taxable","12":"product-type-simple"},"jetpack_sharing_enabled":true,"_links":{"self":[{"href":"https:\/\/geocapa.com\/tienda\/wp-json\/wp\/v2\/product\/23","targetHints":{"allow":["GET"]}}],"collection":[{"href":"https:\/\/geocapa.com\/tienda\/wp-json\/wp\/v2\/product"}],"about":[{"href":"https:\/\/geocapa.com\/tienda\/wp-json\/wp\/v2\/types\/product"}],"replies":[{"embeddable":true,"href":"https:\/\/geocapa.com\/tienda\/wp-json\/wp\/v2\/comments?post=23"}],"wp:featuredmedia":[{"embeddable":true,"href":"https:\/\/geocapa.com\/tienda\/wp-json\/wp\/v2\/media\/24"}],"wp:attachment":[{"href":"https:\/\/geocapa.com\/tienda\/wp-json\/wp\/v2\/media?parent=23"}],"wp:term":[{"taxonomy":"product_brand","embeddable":true,"href":"https:\/\/geocapa.com\/tienda\/wp-json\/wp\/v2\/product_brand?post=23"},{"taxonomy":"product_cat","embeddable":true,"href":"https:\/\/geocapa.com\/tienda\/wp-json\/wp\/v2\/product_cat?post=23"},{"taxonomy":"product_tag","embeddable":true,"href":"https:\/\/geocapa.com\/tienda\/wp-json\/wp\/v2\/product_tag?post=23"}],"curies":[{"name":"wp","href":"https:\/\/api.w.org\/{rel}","templated":true}]}}