{"id":219,"date":"2020-04-22T19:36:27","date_gmt":"2020-04-22T19:36:27","guid":{"rendered":"https:\/\/geocapa.com.mx\/tienda\/?post_type=product&#038;p=219"},"modified":"2022-09-09T00:46:47","modified_gmt":"2022-09-09T00:46:47","slug":"helices-dji-mavic-pro-par","status":"publish","type":"product","link":"https:\/\/geocapa.com\/tienda\/producto\/helices-dji-mavic-pro-par\/","title":{"rendered":"Helices DJI Mavic Pro 2 de Bajo ruido(par)"},"content":{"rendered":"<p>Par de h\u00e9lices de Liberaci\u00f3n r\u00e1pida originales<\/p>\n<p>Marca: DJI<\/p>\n<p>Modelo Compatible: Mavic Pro 2<\/p>\n<p><b>Dimensiones del producto:\u00a0<\/b>7.6 x 0.8 x 5.1 cm ; 4.54 g<\/p>\n","protected":false},"excerpt":{"rendered":"<p>Helices de bajo ruido para mavic pro 2<\/p>\n","protected":false},"featured_media":322,"comment_status":"open","ping_status":"closed","template":"","meta":[],"product_brand":[],"product_cat":[22],"product_tag":[],"class_list":{"0":"post-219","1":"product","2":"type-product","3":"status-publish","4":"has-post-thumbnail","6":"product_cat-refacciones","8":"first","9":"instock","10":"sale","11":"shipping-taxable","12":"purchasable","13":"product-type-simple"},"jetpack_sharing_enabled":true,"_links":{"self":[{"href":"https:\/\/geocapa.com\/tienda\/wp-json\/wp\/v2\/product\/219","targetHints":{"allow":["GET"]}}],"collection":[{"href":"https:\/\/geocapa.com\/tienda\/wp-json\/wp\/v2\/product"}],"about":[{"href":"https:\/\/geocapa.com\/tienda\/wp-json\/wp\/v2\/types\/product"}],"replies":[{"embeddable":true,"href":"https:\/\/geocapa.com\/tienda\/wp-json\/wp\/v2\/comments?post=219"}],"wp:featuredmedia":[{"embeddable":true,"href":"https:\/\/geocapa.com\/tienda\/wp-json\/wp\/v2\/media\/322"}],"wp:attachment":[{"href":"https:\/\/geocapa.com\/tienda\/wp-json\/wp\/v2\/media?parent=219"}],"wp:term":[{"taxonomy":"product_brand","embeddable":true,"href":"https:\/\/geocapa.com\/tienda\/wp-json\/wp\/v2\/product_brand?post=219"},{"taxonomy":"product_cat","embeddable":true,"href":"https:\/\/geocapa.com\/tienda\/wp-json\/wp\/v2\/product_cat?post=219"},{"taxonomy":"product_tag","embeddable":true,"href":"https:\/\/geocapa.com\/tienda\/wp-json\/wp\/v2\/product_tag?post=219"}],"curies":[{"name":"wp","href":"https:\/\/api.w.org\/{rel}","templated":true}]}}